{"id":96,"date":"2016-09-23T09:16:34","date_gmt":"2016-09-23T06:16:34","guid":{"rendered":"http:\/\/www.mopogp.fi\/?page_id=96"},"modified":"2016-11-25T20:03:01","modified_gmt":"2016-11-25T18:03:01","slug":"lahto-ja-maali","status":"publish","type":"page","link":"http:\/\/www.mopogp.fi\/?page_id=96","title":{"rendered":"L\u00e4ht\u00f6 ja maali"},"content":{"rendered":"<p><img decoding=\"async\" loading=\"lazy\" class=\"alignnone wp-image-198\" src=\"http:\/\/www.mopogp.fi\/wp-content\/uploads\/2016\/09\/L\u00e4ht\u00f6-300x121.jpg\" alt=\"lahto\" width=\"836\" height=\"337\" srcset=\"http:\/\/www.mopogp.fi\/wp-content\/uploads\/2016\/09\/L\u00e4ht\u00f6-300x121.jpg 300w, http:\/\/www.mopogp.fi\/wp-content\/uploads\/2016\/09\/L\u00e4ht\u00f6-768x311.jpg 768w, http:\/\/www.mopogp.fi\/wp-content\/uploads\/2016\/09\/L\u00e4ht\u00f6-2x1.jpg 2w, http:\/\/www.mopogp.fi\/wp-content\/uploads\/2016\/09\/L\u00e4ht\u00f6.jpg 952w\" sizes=\"(max-width: 836px) 100vw, 836px\" \/><\/p>\n<p><strong>L\u00c4HT\u00d6\/MAALI:<\/strong><\/p>\n<ul>\n<li>L\u00c4HT\u00d6 TAPAHTUU NS. LE MAN`S JUOKSUL\u00c4HT\u00d6N\u00c4. KULJETTAJAT OVAT RIVISS\u00c4 L\u00c4HT\u00d6SUORALLA VASTAKKAISELLA PUOLELLA RATAA KUIN MOPOT.<\/li>\n<li>MOPOT RYHMITET\u00c4\u00c4N L\u00c4HT\u00d6SUORALLE ILMOITTTAUTUMISEN YHTEYDESS\u00c4 SUORITETUN ARVONNAN OSOITTAMAAN J\u00c4RJESTYKSEEN.<\/li>\n<li>MAHDOLLISESTI CLASSIC PAPPALUOKAN MOPOT ARVOTAAN ERI RYHM\u00c4N\u00c4<\/li>\n<li>YKSI JOUKKUEEN J\u00c4SEN PIT\u00c4\u00c4 PYSTYSS\u00c4 MOPOA, JOKA ON L\u00c4HT\u00d6VALMIINA JA SAMMUTETTUNA. L\u00c4HT\u00d6LAUKAUKSEN TAI MUUN L\u00c4HT\u00d6MERKIN J\u00c4LKEEN KULJETTAJAT JUOKSEVAT\/K\u00c4VELEV\u00c4T MOPOILLE.<\/li>\n<li><img decoding=\"async\" loading=\"lazy\" class=\"alignnone  wp-image-234\" src=\"http:\/\/www.mopogp.fi\/wp-content\/uploads\/2016\/09\/IMG_4336-300x200.jpg\" alt=\"img_4336\" width=\"485\" height=\"323\" srcset=\"http:\/\/www.mopogp.fi\/wp-content\/uploads\/2016\/09\/IMG_4336-300x200.jpg 300w, http:\/\/www.mopogp.fi\/wp-content\/uploads\/2016\/09\/IMG_4336-768x512.jpg 768w, http:\/\/www.mopogp.fi\/wp-content\/uploads\/2016\/09\/IMG_4336-1024x682.jpg 1024w, http:\/\/www.mopogp.fi\/wp-content\/uploads\/2016\/09\/IMG_4336-2x1.jpg 2w, http:\/\/www.mopogp.fi\/wp-content\/uploads\/2016\/09\/IMG_4336.jpg 1280w\" sizes=\"(max-width: 485px) 100vw, 485px\" \/><\/li>\n<li>KULJETTAJA K\u00c4YNNIST\u00c4\u00c4 MOPON VALITSEMALLAAN TAVALLA JA L\u00c4HTEE AJAMAAN.<\/li>\n<li>AVUSTAJA SIIS AINOASTAAN PIT\u00c4\u00c4 MOPON PYSTYSS\u00c4, EI AUTA K\u00c4YNNISTYKSESS\u00c4 EIK\u00c4 L\u00c4HD\u00d6SS\u00c4 MITENK\u00c4\u00c4N.(AVUSTAMISESTA SEURAA JOUKKUEELLE RANGAISTUS)<\/li>\n<li>MAALIINTULO 6-TUNNIN KULUTTUA LIPUTETAAN RUUTULIPULLA. T\u00c4M\u00c4N J\u00c4LKEEN TULEE VIEL\u00c4 PUNAINEN LIPPU.<\/li>\n<li>RUUTULIPUN J\u00c4LKEEN PYSYT\u00c4\u00c4N SAMASSA AJOJ\u00c4RJESTYKSESS\u00c4, EI SIIS OHITETA TOISIA KULJETTAJIA VAAN RYHMITYT\u00c4\u00c4N KILPAILUN J\u00c4RJEST\u00c4J\u00c4N ILMOITTAMAAN PAIKAAN MAALIINTULOJ\u00c4RJESTYKSESS\u00c4 NS. PROTESTIAJAKSI. (AIKA 1\/2\u00a0 TUNTIA) T\u00c4LL\u00d6IN RADALLE SAA TULLA AVUKSI VAIN YKSI JOUKKUEEN NIMETYIST\u00c4 J\u00c4SENIST\u00c4, AVUSTAJAN TULEE TUODA HUOLTOMATTO MOPON ALLE.KAIKENLAINEN MUU MOPOON KOSKEMINEN ON KIELLETTY.<\/li>\n<li>TUOMARISTON KOKOUKSEN JA VIRALLISTEN LOPPUTULOSTEN VALMISTUTTUA SEURAA PALKINTOJEN JAKO.<\/li>\n<li>ON KOHTELIASTA OLLA PALKINTOJEN JAOSSA PAIKALLA, VAIKKA EI ITSE PALKINTOA SAISIKAAN!<\/li>\n<li>KULJETTAJAN LOUKKAANTUESSA KILPAILUN AIKANA, ON EHDOTTOMAN T\u00c4RKE\u00c4\u00c4 K\u00c4YD\u00c4 ILMOITTAUTUMASSA ENSIAPUPISTEELL\u00c4.T\u00c4M\u00c4N VAATII VAKUUTUSYHTI\u00d6 KORVAUSP\u00c4\u00c4T\u00d6ST\u00c4 TEHT\u00c4ESS\u00c4<\/li>\n<\/ul>\n","protected":false},"excerpt":{"rendered":"<p>L\u00c4HT\u00d6\/MAALI: L\u00c4HT\u00d6 TAPAHTUU NS. LE MAN`S JUOKSUL\u00c4HT\u00d6N\u00c4. KULJETTAJAT OVAT RIVISS\u00c4 L\u00c4HT\u00d6SUORALLA VASTAKKAISELLA PUOLELLA RATAA KUIN MOPOT. MOPOT RYHMITET\u00c4\u00c4N L\u00c4HT\u00d6SUORALLE ILMOITTTAUTUMISEN YHTEYDESS\u00c4 SUORITETUN ARVONNAN OSOITTAMAAN J\u00c4RJESTYKSEEN. MAHDOLLISESTI CLASSIC PAPPALUOKAN MOPOT ARVOTAAN ERI RYHM\u00c4N\u00c4 YKSI JOUKKUEEN J\u00c4SEN PIT\u00c4\u00c4 PYSTYSS\u00c4 MOPOA, JOKA ON L\u00c4HT\u00d6VALMIINA JA SAMMUTETTUNA. L\u00c4HT\u00d6LAUKAUKSEN TAI MUUN L\u00c4HT\u00d6MERKIN J\u00c4LKEEN KULJETTAJAT JUOKSEVAT\/K\u00c4VELEV\u00c4T MOPOILLE. KULJETTAJA K\u00c4YNNIST\u00c4\u00c4 MOPON VALITSEMALLAAN &hellip; <a href=\"http:\/\/www.mopogp.fi\/?page_id=96\" class=\"more-link\">Jatka lukemista <span class=\"screen-reader-text\">L\u00e4ht\u00f6 ja maali<\/span> <span class=\"meta-nav\">&rarr;<\/span><\/a><\/p>\n","protected":false},"author":2,"featured_media":0,"parent":31,"menu_order":0,"comment_status":"closed","ping_status":"closed","template":"","meta":[],"_links":{"self":[{"href":"http:\/\/www.mopogp.fi\/index.php?rest_route=\/wp\/v2\/pages\/96"}],"collection":[{"href":"http:\/\/www.mopogp.fi\/index.php?rest_route=\/wp\/v2\/pages"}],"about":[{"href":"http:\/\/www.mopogp.fi\/index.php?rest_route=\/wp\/v2\/types\/page"}],"author":[{"embeddable":true,"href":"http:\/\/www.mopogp.fi\/index.php?rest_route=\/wp\/v2\/users\/2"}],"replies":[{"embeddable":true,"href":"http:\/\/www.mopogp.fi\/index.php?rest_route=%2Fwp%2Fv2%2Fcomments&post=96"}],"version-history":[{"count":4,"href":"http:\/\/www.mopogp.fi\/index.php?rest_route=\/wp\/v2\/pages\/96\/revisions"}],"predecessor-version":[{"id":235,"href":"http:\/\/www.mopogp.fi\/index.php?rest_route=\/wp\/v2\/pages\/96\/revisions\/235"}],"up":[{"embeddable":true,"href":"http:\/\/www.mopogp.fi\/index.php?rest_route=\/wp\/v2\/pages\/31"}],"wp:attachment":[{"href":"http:\/\/www.mopogp.fi\/index.php?rest_route=%2Fwp%2Fv2%2Fmedia&parent=96"}],"curies":[{"name":"wp","href":"https:\/\/api.w.org\/{rel}","templated":true}]}}